{"id":3235,"date":"2019-06-19T10:45:11","date_gmt":"2019-06-19T08:45:11","guid":{"rendered":"http:\/\/bensdesk.de\/word\/?page_id=3235"},"modified":"2026-01-22T09:02:36","modified_gmt":"2026-01-22T08:02:36","slug":"formular","status":"publish","type":"page","link":"https:\/\/bensdesk.de\/word\/formular\/","title":{"rendered":"Formular"},"content":{"rendered":"<\/div><\/div><\/div><!-- close content main div --><\/div><\/div><div id='full_slider_1' class='avia-fullwidth-slider main_color avia-shadow   container_wrap sidebar_right'   ><div  data-size='featured'  data-lightbox_size='large'  data-animation='fade'  data-conditional_play=''  data-ids='3168'  data-video_counter='0'  data-autoplay='true'  data-bg_slider='false'  data-slide_height=''  data-handle='av_slideshow_full'  data-interval='5'  data-class=' '  data-css_id=''  data-scroll_down=''  data-control_layout='av-control-default'  data-custom_markup=''  data-perma_caption='aviaTBperma_caption'  data-autoplay_stopper=''  data-image_attachment=''  data-min_height='0px'  data-src=''  data-position='top left'  data-repeat='no-repeat'  data-attach='scroll'  data-stretch=''  data-default-height='28.6666666667'  class='avia-slideshow avia-slideshow-1  av-control-default av-default-height-applied avia-slideshow-featured av_slideshow_full   avia-fade-slider '  itemprop=\"ImageObject\" itemscope=\"itemscope\" itemtype=\"https:\/\/schema.org\/ImageObject\" ><ul class='avia-slideshow-inner ' style='padding-bottom: 28.6666666667%;' ><li  class=' av-single-slide slide-1 ' ><div data-rel='slideshow-1' class='avia-slide-wrap '   ><img src='https:\/\/bensdesk.de\/word\/wp-content\/uploads\/2019\/06\/con-1500x430.jpg' width='1500' height='430' title='Concierge service desk counter with hotel staff team working in' alt=''  itemprop=\"thumbnailUrl\"   \/><div class='av-section-color-overlay' style='opacity: 0.6; background-color: #afafaf; '><\/div><\/div><\/li><\/ul><div class = \"caption_fullwidth av-slideshow-caption caption_center\"><div class = \"container caption_container\"><div class = \"slideshow_caption\"><div class = \"slideshow_inner_caption\"><div class = \"slideshow_align_caption\"><h2  style='font-size:40px; color:#61008e; ' class='avia-caption-title '  itemprop=\"name\" >Formular<\/h2><\/div><\/div><\/div><\/div><\/div><\/div><\/div>\n<\/div><\/div><\/div><!-- close content main div --><\/div><\/div><div id='newsletter' class='avia-section main_color avia-section-huge avia-no-border-styling avia-bg-style-scroll   container_wrap sidebar_right' style = 'background-image: '  ><div class='container' ><div class='template-page content  av-content-small alpha units'><div class='post-entry post-entry-type-page post-entry-3235'><div class='entry-content-wrapper clearfix'>\n<div style='padding-bottom:0px; color:#000000;font-size:40px;' class='av-special-heading av-special-heading-h1 custom-color-heading blockquote classic-quote  av-inherit-size '><h1 class='av-special-heading-tag '  itemprop=\"headline\"  >Online-Bewerbung <\/h1><div class ='av-subheading av-subheading_below av_custom_color ' style='font-size:10px;'><p>Hospitality Team<\/p>\n<\/div><div class='special-heading-border'><div class='special-heading-inner-border' style='border-color:#000000'><\/div><\/div><\/div>\n<\/div><\/div><\/div><!-- close content main div --><\/div><\/div><div id='after_section_1' class='main_color av_default_container_wrap container_wrap sidebar_right'   ><div class='container' ><div class='template-page content  av-content-small alpha units'><div class='post-entry post-entry-type-page post-entry-3235'><div class='entry-content-wrapper clearfix'>\n<div class=\"flex_column av_one_half  av-animated-generic left-to-right  no_margin flex_column_div av-zero-column-padding first  \" style='margin-top:0px; margin-bottom:0px; border-radius:0px; '><p><div style='padding-bottom:20px; color:#000000;font-size:40px;' class='av-special-heading av-special-heading-h1 custom-color-heading blockquote modern-quote   av-inherit-size '><h1 class='av-special-heading-tag '  itemprop=\"headline\"  >Bewerbung<\/h1><div class='special-heading-border'><div class='special-heading-inner-border' style='border-color:#000000'><\/div><\/div><\/div><br \/>\n<section class=\"av_textblock_section \"  itemscope=\"itemscope\" itemtype=\"https:\/\/schema.org\/CreativeWork\" ><div class='avia_textblock  '   itemprop=\"text\" ><p>Bitte teilen Sie uns Ihre pers\u00f6nlichen Daten sowie Kenntnisse und F\u00e4higkeiten mit. Pflichtfelder, zu denen wir eine Angabe ben\u00f6tigen, sind mit einem Stern (*)\u00a0gekennzeichnet. Fragen, die Sie nicht betreffen oder die Sie nicht beantworten m\u00f6chten, k\u00f6nnen Sie gerne offen lassen.<\/p>\n<\/div><\/section><br \/>\n<div style=' margin-top:30px; margin-bottom:30px;'  class='hr hr-custom hr-left hr-icon-no  '><span class='hr-inner   inner-border-av-border-fat' style=' width:50px; border-color:#000000;' ><span class='hr-inner-style'><\/span><\/span><\/div><br \/>\n<div style='padding-bottom:20px; color:#000000;font-size:40px;' class='av-special-heading av-special-heading-h1 custom-color-heading blockquote modern-quote   av-inherit-size '><h1 class='av-special-heading-tag '  itemprop=\"headline\"  > Pers\u00f6nliche Angaben<\/h1><div class='special-heading-border'><div class='special-heading-inner-border' style='border-color:#000000'><\/div><\/div><\/div><\/p><\/div>\n<div class=\"flex_column av_one_half  av-animated-generic left-to-right  no_margin flex_column_div av-zero-column-padding   \" style='margin-top:0px; margin-bottom:0px; border-radius:0px; '><p><div style='padding-bottom:20px; color:#000000;font-size:40px;' class='av-special-heading av-special-heading-h1 custom-color-heading blockquote modern-quote   av-inherit-size '><h1 class='av-special-heading-tag '  itemprop=\"headline\"  >Bewerbungsunterlagen<\/h1><div class='special-heading-border'><div class='special-heading-inner-border' style='border-color:#000000'><\/div><\/div><\/div><br \/>\n<section class=\"av_textblock_section \"  itemscope=\"itemscope\" itemtype=\"https:\/\/schema.org\/CreativeWork\" ><div class='avia_textblock  '   itemprop=\"text\" ><p>Falls Sie Bewerbungsunterlagen wie Lebenslauf, Zeugnisse oder Zertifikate bitte per email senden<\/p>\n<\/div><\/section><br \/>\n<div style=' margin-top:30px; margin-bottom:30px;'  class='hr hr-custom hr-left hr-icon-no  '><span class='hr-inner   inner-border-av-border-fat' style=' width:50px; border-color:#000000;' ><span class='hr-inner-style'><\/span><\/span><\/div><\/p><\/div><form action=\"https:\/\/bensdesk.de\/word\/formular\/\" method=\"post\"  class=\"avia_ajax_form av-form-labels-visible    \" data-avia-form-id=\"1\" data-avia-redirect=''><fieldset><h3>Senden Sie uns eine E-Mail<\/h3><p class=' first_form  form_element form_element_half' id='element_avia_1_1'><label for=\"avia_1_1\">Bitte Anrede ausw\u00e4hlen <abbr class=\"required\" title=\"ben\u00f6tigt\">*<\/abbr><\/label> <select  name=\"avia_1_1\" class=\"select is_empty\" id=\"avia_1_1\"><option  value ='-'>-<\/option><option  value ='Frau'>Frau<\/option><option  value ='Herr'>Herr<\/option><\/select><\/p><p class=' form_element form_element_half' id='element_avia_2_1'><label for=\"avia_2_1\">E-Mail <abbr class=\"required\" title=\"ben\u00f6tigt\">*<\/abbr><\/label> <input name=\"avia_2_1\" class=\"text_input is_email\" type=\"text\" id=\"avia_2_1\" value=\"\" \/><\/p><p class=' first_form  form_element form_element_half' id='element_avia_3_1'><label for=\"avia_3_1\">Vorname <abbr class=\"required\" title=\"ben\u00f6tigt\">*<\/abbr><\/label> <input name=\"avia_3_1\" class=\"text_input is_empty\" type=\"text\" id=\"avia_3_1\" value=\"\" \/><\/p><p class=' form_element form_element_half' id='element_avia_4_1'><label for=\"avia_4_1\">Telefon<\/label> <input name=\"avia_4_1\" class=\"text_input \" type=\"text\" id=\"avia_4_1\" value=\"\" \/><\/p><p class=' first_form  form_element form_element_half' id='element_avia_5_1'><label for=\"avia_5_1\">Nachname <abbr class=\"required\" title=\"ben\u00f6tigt\">*<\/abbr><\/label> <input name=\"avia_5_1\" class=\"text_input is_empty\" type=\"text\" id=\"avia_5_1\" value=\"\" \/><\/p><p class=' form_element form_element_half' id='element_avia_6_1'><label for=\"avia_6_1\"> Adresszusatz<\/label> <input name=\"avia_6_1\" class=\"text_input \" type=\"text\" id=\"avia_6_1\" value=\"\" \/><\/p><p class=' first_form  form_element form_element_half' id='element_avia_7_1'><label for=\"avia_7_1\">Staatsangeh\u00f6rigkeit<\/label> <input name=\"avia_7_1\" class=\"text_input \" type=\"text\" id=\"avia_7_1\" value=\"\" \/><\/p><p class=' form_element form_element_half' id='element_avia_8_1'><label for=\"avia_8_1\">Stra\u00dfe + Nr.<\/label> <input name=\"avia_8_1\" class=\"text_input \" type=\"text\" id=\"avia_8_1\" value=\"\" \/><\/p><p class=' first_form  form_element form_element_half' id='element_avia_9_1'><label for=\"avia_9_1\">Geburtstag<\/label> <input name=\"avia_9_1\" class=\"avia_datepicker text_input \" type=\"text\" id=\"avia_9_1\" value=\"\" placeholder=\"DD \/ MM \/ YY\" \/><\/p><p class=' form_element form_element_half' id='element_avia_10_1'><label for=\"avia_10_1\">Familienstand<\/label> <select  name=\"avia_10_1\" class=\"select \" id=\"avia_10_1\"><option  value ='-'>-<\/option><option  value ='Ledig'>Ledig<\/option><option  value ='Verheiratet'>Verheiratet<\/option><\/select><\/p><p class=' first_form  form_element form_element_half' id='element_avia_11_1'><label for=\"avia_11_1\">PLZ<\/label> <input name=\"avia_11_1\" class=\"text_input \" type=\"text\" id=\"avia_11_1\" value=\"\" \/><\/p><p class=' form_element form_element_half' id='element_avia_12_1'><label for=\"avia_12_1\">Wohnort<\/label> <input name=\"avia_12_1\" class=\"text_input \" type=\"text\" id=\"avia_12_1\" value=\"\" \/><\/p><p class=' first_form  form_element form_element_half' id='element_avia_13_1'><label for=\"avia_13_1\">Land<\/label> <input name=\"avia_13_1\" class=\"text_input \" type=\"text\" id=\"avia_13_1\" value=\"\" \/><\/p><div id='avia_14_1' class='av-form-text'><p>\n<strong>Anschreiben<\/strong><\/p>\n<p>Hier haben Sie die M\u00f6glichkeit ein direktes Anschreiben zu verfassen<\/p>\n<\/div><p class=' first_form  form_element form_fullwidth' id='element_avia_15_1'>\t <label for=\"avia_15_1\" class=\"textare_label hidden textare_label_avia_15_1\">Nachricht<\/label>\t <textarea  name=\"avia_15_1\" class=\"text_area \" cols=\"40\" rows=\"7\" id=\"avia_15_1\" ><\/textarea><\/p><div id='avia_16_1' class='av-form-text'><p>\n<strong><span class=\"fieldset-legend\">Weitere Angaben zur Bewerbung<\/span><\/strong><\/p>\n<\/div><p class=' first_form  form_element form_element_half' id='element_avia_17_1'><label for=\"avia_17_1\">Verf\u00fcgbar ab<\/label> <input name=\"avia_17_1\" class=\"avia_datepicker text_input \" type=\"text\" id=\"avia_17_1\" value=\"\" placeholder=\"DD \/ MM \/ YY\" \/><\/p><p class=' form_element form_element_half' id='element_avia_18_1'><label for=\"avia_18_1\">Arbeitszeit<\/label> <select  name=\"avia_18_1\" class=\"select \" id=\"avia_18_1\"><option  value ='Bitte ausw\u00e4hlen'>Bitte ausw\u00e4hlen<\/option><option  value ='Vollzeit'>Vollzeit<\/option><option  value ='Teilzeit'>Teilzeit<\/option><\/select><\/p><p class=' first_form  form_element form_fullwidth' id='element_avia_19_1'><label for=\"avia_19_1\">Umkreis<\/label> <select  name=\"avia_19_1\" class=\"select \" id=\"avia_19_1\"><option  value ='Bitte ausw\u00e4hlen'>Bitte ausw\u00e4hlen<\/option><option  value ='Flexibel Einsetzbar (keine Einschr\u00e4nkung)'>Flexibel Einsetzbar (keine Einschr\u00e4nkung)<\/option><option  value ='Einsatz in 10 km Umkreis m\u00f6glich'>Einsatz in 10 km Umkreis m\u00f6glich<\/option><option  value ='Einsatz in 50km Umkreis m\u00f6glich'>Einsatz in 50km Umkreis m\u00f6glich<\/option><option  value ='Einsatz in 100km Umkreis m\u00f6glich'>Einsatz in 100km Umkreis m\u00f6glich<\/option><option  value ='Einsatz in 150km Umkreis m\u00f6glich'>Einsatz in 150km Umkreis m\u00f6glich<\/option><option  value ='Einsatz in 250km Umkreis m\u00f6glich'>Einsatz in 250km Umkreis m\u00f6glich<\/option><\/select><\/p><div id='avia_20_1' class='av-form-text'><p>\n<strong>F\u00fchrerschein<\/strong><\/p>\n<\/div><p class=' first_form  form_element form_fullwidth' id='element_avia_21_1'>    <input  name=\"avia_21_1\" class=\"input_checkbox is_empty\" type=\"checkbox\" id=\"avia_21_1\" value=\"true\"\/><label class=\"input_checkbox_label\" for=\"avia_21_1\">Ja, vorhanden <abbr class=\"required\" title=\"ben\u00f6tigt\">*<\/abbr><\/label><\/p><p class=' first_form  form_element form_fullwidth' id='element_avia_22_1'>    <input checked=\"checked\" name=\"avia_22_1\" class=\"input_checkbox \" type=\"checkbox\" id=\"avia_22_1\" value=\"true\"\/><label class=\"input_checkbox_label\" for=\"avia_22_1\">Nein<\/label><\/p><div id='avia_23_1' class='av-form-text'><p>\n<strong>Datenschutz<\/strong><\/p>\n<\/div><p class=' first_form  form_element form_fullwidth' id='element_avia_24_1'>    <input  name=\"avia_24_1\" class=\"input_checkbox is_empty\" type=\"checkbox\" id=\"avia_24_1\" value=\"true\"\/><label class=\"input_checkbox_label\" for=\"avia_24_1\">Nutzungsbedingungen <abbr class=\"required\" title=\"ben\u00f6tigt\">*<\/abbr><\/label><\/p><div id='avia_25_1' class='av-form-text'><p>\nIch best\u00e4tige, die Nutzungsbedingungen und die Datenschutzbestimmungen\u00a0gelesen zu haben und willige ein, dass meine Daten gespeichert und innerhalb des Unternehmensverbundes weitergegeben werden d\u00fcrfen.*<\/p>\n<\/div><p class=\"hidden\"><input type=\"text\" name=\"avia_26_1\" class=\"hidden \" id=\"avia_26_1\" value=\"\" \/><\/p><p class='' id='element_avia_27_1'>    <span class='value_verifier_label'>0 + 5 = ?<\/span>    <input name=\"avia_27_1_verifier\" type=\"hidden\" id=\"avia_27_1_verifier\" value=\"244856484\"\/><label for=\"avia_27_1\">Bitte l\u00f6se die Gleichung. Diese Ma\u00dfnahme dient der Abwehr von Spam <abbr class=\"required\" title=\"ben\u00f6tigt\">*<\/abbr><\/label>    <input name=\"avia_27_1\" class=\"text_input captcha\" type=\"text\" id=\"avia_27_1\" value=\"\"\/><\/p><p class=\"form_element \"><input type=\"hidden\" value=\"1\" name=\"avia_generated_form1\" \/><input type=\"submit\" value=\"Senden\" class=\"button\"  data-sending-label=\"Sende\"\/><\/p><\/fieldset><\/form><div id=\"ajaxresponse_1\" class=\"ajaxresponse ajaxresponse_1 hidden\"><\/div><\/p>\n<\/div><\/div><\/div><!-- close content main div --><\/div><\/div><div id='support' class='avia-section main_color avia-section-no-padding avia-no-border-styling avia-bg-style-scroll   container_wrap sidebar_right' style = 'background-color: #ffffff; background-image: '  ><div class='container' ><div class='template-page content  av-content-small alpha units'><div class='post-entry post-entry-type-page post-entry-3235'><div class='entry-content-wrapper clearfix'>\n<div class='avia-image-container avia_animated_image avia_animate_when_almost_visible bottom-to-top av-styling-no-styling    avia-align-center '  itemprop=\"ImageObject\" itemscope=\"itemscope\" itemtype=\"https:\/\/schema.org\/ImageObject\"  ><div class='avia-image-container-inner'><div class='avia-image-overlay-wrap'><img class='avia_image ' src='https:\/\/bensdesk.de\/word\/wp-content\/uploads\/2019\/07\/team.jpg' alt='' title='Photo of young business people in a conference room' height=\"400\"width=\"1000\"  itemprop=\"thumbnailUrl\"  \/><\/div><\/div><\/div>\n<\/div><\/div><\/div><!-- close content main div --><\/div><\/div><div id='after_section_2' class='main_color av_default_container_wrap container_wrap sidebar_right'   ><div class='container' ><div class='template-page content  av-content-small alpha units'><div class='post-entry post-entry-type-page post-entry-3235'><div class='entry-content-wrapper clearfix'>\n","protected":false},"excerpt":{"rendered":"","protected":false},"author":1,"featured_media":0,"parent":0,"menu_order":0,"comment_status":"closed","ping_status":"closed","template":"","meta":{"footnotes":""},"class_list":["post-3235","page","type-page","status-publish","hentry"],"_links":{"self":[{"href":"https:\/\/bensdesk.de\/word\/wp-json\/wp\/v2\/pages\/3235","targetHints":{"allow":["GET"]}}],"collection":[{"href":"https:\/\/bensdesk.de\/word\/wp-json\/wp\/v2\/pages"}],"about":[{"href":"https:\/\/bensdesk.de\/word\/wp-json\/wp\/v2\/types\/page"}],"author":[{"embeddable":true,"href":"https:\/\/bensdesk.de\/word\/wp-json\/wp\/v2\/users\/1"}],"replies":[{"embeddable":true,"href":"https:\/\/bensdesk.de\/word\/wp-json\/wp\/v2\/comments?post=3235"}],"version-history":[{"count":24,"href":"https:\/\/bensdesk.de\/word\/wp-json\/wp\/v2\/pages\/3235\/revisions"}],"predecessor-version":[{"id":3355,"href":"https:\/\/bensdesk.de\/word\/wp-json\/wp\/v2\/pages\/3235\/revisions\/3355"}],"wp:attachment":[{"href":"https:\/\/bensdesk.de\/word\/wp-json\/wp\/v2\/media?parent=3235"}],"curies":[{"name":"wp","href":"https:\/\/api.w.org\/{rel}","templated":true}]}}