{"id":3233,"date":"2019-06-19T10:44:50","date_gmt":"2019-06-19T08:44:50","guid":{"rendered":"http:\/\/bensdesk.de\/word\/?page_id=3233"},"modified":"2019-08-22T08:54:27","modified_gmt":"2019-08-22T06:54:27","slug":"kontakt","status":"publish","type":"page","link":"https:\/\/bensdesk.de\/word\/kontakt\/","title":{"rendered":"Kontakt"},"content":{"rendered":"<\/div><\/div><\/div><!-- close content main div --><\/div><\/div><div id='full_slider_1' class='avia-fullwidth-slider main_color avia-shadow   container_wrap sidebar_right'   ><div  data-size='featured'  data-lightbox_size='large'  data-animation='fade'  data-conditional_play=''  data-ids='3445'  data-video_counter='0'  data-autoplay='true'  data-bg_slider='false'  data-slide_height=''  data-handle='av_slideshow_full'  data-interval='5'  data-class=' '  data-css_id=''  data-scroll_down=''  data-control_layout='av-control-default'  data-custom_markup=''  data-perma_caption='aviaTBperma_caption'  data-autoplay_stopper=''  data-image_attachment=''  data-min_height='0px'  data-src=''  data-position='top left'  data-repeat='no-repeat'  data-attach='scroll'  data-stretch=''  data-default-height='28.6666666667'  class='avia-slideshow avia-slideshow-1  av-control-default av-default-height-applied avia-slideshow-featured av_slideshow_full   avia-fade-slider '  itemprop=\"ImageObject\" itemscope=\"itemscope\" itemtype=\"https:\/\/schema.org\/ImageObject\" ><ul class='avia-slideshow-inner ' style='padding-bottom: 28.6666666667%;' ><li  class=' av-single-slide slide-1 ' ><div data-rel='slideshow-1' class='avia-slide-wrap '   ><img src='https:\/\/bensdesk.de\/word\/wp-content\/uploads\/2019\/07\/kontakt-1500x430.jpg' width='1500' height='430' title='Icons Symbol' alt=''  itemprop=\"thumbnailUrl\"   \/><div class='av-section-color-overlay' style='opacity: 0.5; background-color: #b5b5b5; '><\/div><\/div><\/li><\/ul><div class = \"caption_fullwidth av-slideshow-caption caption_center\"><div class = \"container caption_container\"><div class = \"slideshow_caption\"><div class = \"slideshow_inner_caption\"><div class = \"slideshow_align_caption\"><h2  style='font-size:40px; color:#61008e; ' class='avia-caption-title '  itemprop=\"name\" >Kontakt erw\u00fcnscht.<\/h2><div class='avia-caption-content  av_inherit_color'  itemprop=\"description\"   style='font-size:25px; color:#61008e; '><p>KUNDENANFRAGE<\/p>\n<\/div><\/div><\/div><\/div><\/div><\/div><\/div><\/div>\n<\/div><\/div><\/div><!-- close content main div --><\/div><\/div><div id='newsletter' class='avia-section main_color avia-section-huge avia-no-border-styling avia-bg-style-scroll   container_wrap sidebar_right' style = 'background-image: '  ><div class='container' ><div class='template-page content  av-content-small alpha units'><div class='post-entry post-entry-type-page post-entry-3233'><div class='entry-content-wrapper clearfix'>\n<div style='padding-bottom:0px; color:#000000;font-size:40px;' class='av-special-heading av-special-heading-h1 custom-color-heading blockquote classic-quote  av-inherit-size '><h1 class='av-special-heading-tag '  itemprop=\"headline\"  ><span class='special_amp'>\u201e<\/span>Der pers\u00f6nliche Eindruck ist bekanntlich durch nichts zu ersetzen.<span class='special_amp'>\u201c<\/span><\/h1><div class ='av-subheading av-subheading_below av_custom_color ' style='font-size:10px;'><p>Jetzt Bensdesk kennlernen<\/p>\n<\/div><div class='special-heading-border'><div class='special-heading-inner-border' style='border-color:#000000'><\/div><\/div><\/div>\n<\/div><\/div><\/div><!-- close content main div --><\/div><\/div><div id='after_section_1' class='main_color av_default_container_wrap container_wrap sidebar_right'   ><div class='container' ><div class='template-page content  av-content-small alpha units'><div class='post-entry post-entry-type-page post-entry-3233'><div class='entry-content-wrapper clearfix'>\n<\/div><\/div><\/div><!-- close content main div --><\/div><\/div><div id='best-rated' class='av-layout-grid-container entry-content-wrapper main_color av-flex-cells    container_wrap sidebar_right'   >\n<div class=\"flex_cell no_margin av_one_half   \" style='background: #f8f8f8; vertical-align:middle; padding:150px 150px 150px 150px ; background-color:#f8f8f8; '><div class='flex_cell_inner' ><div class=\"flex_column av_one_full  av-animated-generic left-to-right  no_margin flex_column_div av-zero-column-padding first  \" style='margin-top:0px; margin-bottom:0px; border-radius:0px; '><p><div style='padding-bottom:20px; color:#000000;font-size:40px;' class='av-special-heading av-special-heading-h1 custom-color-heading blockquote modern-quote   av-inherit-size '><h1 class='av-special-heading-tag '  itemprop=\"headline\"  >Ein Gespr\u00e4ch kann der erste Schritt zu einer erfolgreichen Zusammenarbeit sein.<\/h1><div class='special-heading-border'><div class='special-heading-inner-border' style='border-color:#000000'><\/div><\/div><\/div><br \/>\n<div style=' margin-top:30px; margin-bottom:30px;'  class='hr hr-custom hr-left hr-icon-no  '><span class='hr-inner   inner-border-av-border-fat' style=' width:50px; border-color:#000000;' ><span class='hr-inner-style'><\/span><\/span><\/div><br \/>\n<div style='height:20px' class='hr hr-invisible  '><span class='hr-inner ' ><span class='hr-inner-style'><\/span><\/span><\/div><br \/>\n<span class=\"av_font_icon avia_animate_when_visible  av-icon-style-  avia-icon-pos-left \" style=\"color:#e2bc12; border-color:#e2bc12;\"><span class='av-icon-char' style='font-size:40px;line-height:40px;' aria-hidden='true' data-av_icon='\ue808' data-av_iconfont='entypo-fontello' ><\/span><\/span><br \/>\n<span class=\"av_font_icon avia_animate_when_visible  av-icon-style-  avia-icon-pos-left \" style=\"color:#e2bc12; border-color:#e2bc12;\"><span class='av-icon-char' style='font-size:40px;line-height:40px;' aria-hidden='true' data-av_icon='\ue808' data-av_iconfont='entypo-fontello' ><\/span><\/span><br \/>\n<span class=\"av_font_icon avia_animate_when_visible  av-icon-style-  avia-icon-pos-left \" style=\"color:#e2bc12; border-color:#e2bc12;\"><span class='av-icon-char' style='font-size:40px;line-height:40px;' aria-hidden='true' data-av_icon='\ue808' data-av_iconfont='entypo-fontello' ><\/span><\/span><br \/>\n<span class=\"av_font_icon avia_animate_when_visible  av-icon-style-  avia-icon-pos-left \" style=\"color:#e2bc12; border-color:#e2bc12;\"><span class='av-icon-char' style='font-size:40px;line-height:40px;' aria-hidden='true' data-av_icon='\ue808' data-av_iconfont='entypo-fontello' ><\/span><\/span><br \/>\n<span class=\"av_font_icon avia_animate_when_visible  av-icon-style-  avia-icon-pos-left \" style=\"color:#e2bc12; border-color:#e2bc12;\"><span class='av-icon-char' style='font-size:40px;line-height:40px;' aria-hidden='true' data-av_icon='\ue808' data-av_iconfont='entypo-fontello' ><\/span><\/span><br \/>\n<div style='height:42px' class='hr hr-invisible  '><span class='hr-inner ' ><span class='hr-inner-style'><\/span><\/span><\/div><\/p><\/div>\n<\/div><\/div><div class=\"flex_cell no_margin av_one_half   av-hide-on-mobile  \" style='background:url(https:\/\/bensdesk.de\/word\/wp-content\/uploads\/2019\/07\/frau22.jpg) bottom left no-repeat scroll #f8f8f8; vertical-align:middle; padding:500px 0px 500px 0px ; background-color:#f8f8f8; '><div class='flex_cell_inner' ><\/div><\/div>\n<\/div>\n<\/div><\/div><\/div><!-- close content main div --><\/div><\/div><div id='support' class='avia-section main_color avia-section-no-padding avia-no-border-styling avia-bg-style-scroll   container_wrap sidebar_right' style = 'background-color: #ffffff; background-image: '  ><div class='container' ><div class='template-page content  av-content-small alpha units'><div class='post-entry post-entry-type-page post-entry-3233'><div class='entry-content-wrapper clearfix'>\n<section class=\"av_textblock_section \"  itemscope=\"itemscope\" itemtype=\"https:\/\/schema.org\/CreativeWork\" ><div class='avia_textblock  '   itemprop=\"text\" ><\/div><\/section>\n<div class=\"flex_column av_one_third  flex_column_div av-zero-column-padding first  \" style='border-radius:0px; '><div style='padding-bottom:20px; color:#000000;font-size:40px;' class='av-special-heading av-special-heading-h1 custom-color-heading blockquote modern-quote   av-inherit-size '><h1 class='av-special-heading-tag '  itemprop=\"headline\"  >Ihre Nachricht<\/h1><div class ='av-subheading av-subheading_below av_custom_color ' style='font-size:15px;'><p>Die mit * gekennzeichneten Angaben sind f\u00fcr eine ordnungsgem\u00e4\u00dfe Bearbeitung Ihrer Kontaktaufnahme erforderlich.<\/p>\n<\/div><div class='special-heading-border'><div class='special-heading-inner-border' style='border-color:#000000'><\/div><\/div><\/div><\/div><div class=\"flex_column av_one_third  flex_column_div av-zero-column-padding   \" style='border-radius:0px; '><form action=\"https:\/\/bensdesk.de\/word\/kontakt\/\" method=\"post\"  class=\"avia_ajax_form av-form-labels-visible    \" data-avia-form-id=\"1\" data-avia-redirect=''><fieldset><h3>Senden Sie uns eine E-Mail<\/h3><p class=' first_form  form_element form_fullwidth' id='element_avia_1_1'><label for=\"avia_1_1\">Name <abbr class=\"required\" title=\"ben\u00f6tigt\">*<\/abbr><\/label> <input name=\"avia_1_1\" class=\"text_input is_empty\" type=\"text\" id=\"avia_1_1\" value=\"\" \/><\/p><p class=' first_form  form_element form_fullwidth' id='element_avia_2_1'><label for=\"avia_2_1\">E-Mail <abbr class=\"required\" title=\"ben\u00f6tigt\">*<\/abbr><\/label> <input name=\"avia_2_1\" class=\"text_input is_email\" type=\"text\" id=\"avia_2_1\" value=\"\" \/><\/p><p class=' first_form  form_element form_fullwidth' id='element_avia_3_1'><label for=\"avia_3_1\">Betreff <abbr class=\"required\" title=\"ben\u00f6tigt\">*<\/abbr><\/label> <input name=\"avia_3_1\" class=\"text_input is_empty\" type=\"text\" id=\"avia_3_1\" value=\"\" \/><\/p><p class=' first_form  form_element form_fullwidth av-last-visible-form-element' id='element_avia_4_1'>\t <label for=\"avia_4_1\" class=\"textare_label hidden textare_label_avia_4_1\">Nachricht <abbr class=\"required\" title=\"ben\u00f6tigt\">*<\/abbr><\/label>\t <textarea  name=\"avia_4_1\" class=\"text_area is_empty\" cols=\"40\" rows=\"7\" id=\"avia_4_1\" ><\/textarea><\/p><p class=\"hidden\"><input type=\"text\" name=\"avia_5_1\" class=\"hidden \" id=\"avia_5_1\" value=\"\" \/><\/p><p class=\"form_element \"><input type=\"hidden\" value=\"1\" name=\"avia_generated_form1\" \/><input type=\"submit\" value=\"Senden\" class=\"button\"  data-sending-label=\"Sende\"\/><\/p><\/fieldset><\/form><div id=\"ajaxresponse_1\" class=\"ajaxresponse ajaxresponse_1 hidden\"><\/div><\/div><div class=\"flex_column av_one_third  flex_column_div av-zero-column-padding   \" style='border-radius:0px; '><p><div style='padding-bottom:20px; color:#000000;font-size:40px;' class='av-special-heading av-special-heading-h1 custom-color-heading blockquote modern-quote   av-inherit-size '><h1 class='av-special-heading-tag '  itemprop=\"headline\"  >Datenschutz<\/h1><div class ='av-subheading av-subheading_below av_custom_color ' style='font-size:15px;'><p>Selbstverst\u00e4ndlich gehen wir mit Ihren Angaben streng nach den geltenden Datenschutzbestimmungen um und geben diese selbstverst\u00e4ndlich nicht an Dritte weiter.<\/p>\n<\/div><div class='special-heading-border'><div class='special-heading-inner-border' style='border-color:#000000'><\/div><\/div><\/div><br \/>\n<div class='avia-button-wrap avia-button-left '><a href='https:\/\/bensdesk.de\/word\/datenschutz\/'  class='avia-button   avia-icon_select-yes-left-icon avia-color-theme-color avia-size-small avia-position-left '   ><span class='avia_button_icon avia_button_icon_left ' aria-hidden='true' data-av_icon='\ue81f' data-av_iconfont='entypo-fontello'><\/span><span class='avia_iconbox_title' >Datenschutz<\/span><\/a><\/div><\/p><\/div><div class='avia-image-container avia_animated_image avia_animate_when_almost_visible bottom-to-top av-styling-no-styling    avia-align-center '  itemprop=\"ImageObject\" itemscope=\"itemscope\" itemtype=\"https:\/\/schema.org\/ImageObject\"  ><div class='avia-image-container-inner'><div class='avia-image-overlay-wrap'><img class='avia_image ' src='https:\/\/bensdesk.de\/word\/wp-content\/uploads\/2019\/07\/team.jpg' alt='' title='Photo of young business people in a conference room' height=\"400\"width=\"1000\"  itemprop=\"thumbnailUrl\"  \/><\/div><\/div><\/div>\n<\/div><\/div><\/div><!-- close content main div --><\/div><\/div><div id='after_section_2' class='main_color av_default_container_wrap container_wrap sidebar_right'   ><div class='container' ><div class='template-page content  av-content-small alpha units'><div class='post-entry post-entry-type-page post-entry-3233'><div class='entry-content-wrapper clearfix'>\n","protected":false},"excerpt":{"rendered":"","protected":false},"author":1,"featured_media":0,"parent":0,"menu_order":0,"comment_status":"closed","ping_status":"closed","template":"","meta":{"footnotes":""},"class_list":["post-3233","page","type-page","status-publish","hentry"],"_links":{"self":[{"href":"https:\/\/bensdesk.de\/word\/wp-json\/wp\/v2\/pages\/3233","targetHints":{"allow":["GET"]}}],"collection":[{"href":"https:\/\/bensdesk.de\/word\/wp-json\/wp\/v2\/pages"}],"about":[{"href":"https:\/\/bensdesk.de\/word\/wp-json\/wp\/v2\/types\/page"}],"author":[{"embeddable":true,"href":"https:\/\/bensdesk.de\/word\/wp-json\/wp\/v2\/users\/1"}],"replies":[{"embeddable":true,"href":"https:\/\/bensdesk.de\/word\/wp-json\/wp\/v2\/comments?post=3233"}],"version-history":[{"count":15,"href":"https:\/\/bensdesk.de\/word\/wp-json\/wp\/v2\/pages\/3233\/revisions"}],"predecessor-version":[{"id":3542,"href":"https:\/\/bensdesk.de\/word\/wp-json\/wp\/v2\/pages\/3233\/revisions\/3542"}],"wp:attachment":[{"href":"https:\/\/bensdesk.de\/word\/wp-json\/wp\/v2\/media?parent=3233"}],"curies":[{"name":"wp","href":"https:\/\/api.w.org\/{rel}","templated":true}]}}