{"id":3225,"date":"2019-06-19T10:43:25","date_gmt":"2019-06-19T08:43:25","guid":{"rendered":"http:\/\/bensdesk.de\/word\/?page_id=3225"},"modified":"2019-08-21T22:31:33","modified_gmt":"2019-08-21T20:31:33","slug":"karriere","status":"publish","type":"page","link":"https:\/\/bensdesk.de\/word\/karriere\/","title":{"rendered":"Karriere"},"content":{"rendered":"<\/div><\/div><\/div><!-- close content main div --><\/div><\/div><div id='full_slider_1' class='avia-fullwidth-slider main_color avia-shadow   container_wrap sidebar_right'   ><div  data-size='featured'  data-lightbox_size='large'  data-animation='fade'  data-conditional_play=''  data-ids='3162'  data-video_counter='0'  data-autoplay='true'  data-bg_slider='false'  data-slide_height=''  data-handle='av_slideshow_full'  data-interval='5'  data-class=' '  data-css_id=''  data-scroll_down=''  data-control_layout='av-control-default'  data-custom_markup=''  data-perma_caption='aviaTBperma_caption'  data-autoplay_stopper=''  data-image_attachment=''  data-min_height='0px'  data-src=''  data-position='top left'  data-repeat='no-repeat'  data-attach='scroll'  data-stretch=''  data-default-height='28.6666666667'  class='avia-slideshow avia-slideshow-1  av-control-default av-default-height-applied avia-slideshow-featured av_slideshow_full   avia-fade-slider '  itemprop=\"ImageObject\" itemscope=\"itemscope\" itemtype=\"https:\/\/schema.org\/ImageObject\" ><ul class='avia-slideshow-inner ' style='padding-bottom: 28.6666666667%;' ><li  class=' av-single-slide slide-1 ' ><div data-rel='slideshow-1' class='avia-slide-wrap '   ><img src='https:\/\/bensdesk.de\/word\/wp-content\/uploads\/2019\/06\/frau2-1500x430.jpg' width='1500' height='430' title='Concierge service desk counter with hotel staff team working in' alt=''  itemprop=\"thumbnailUrl\"   \/><div class='av-section-color-overlay' style='opacity: 0.5; background-color: #c9c9c9; '><\/div><\/div><\/li><\/ul><div class = \"caption_fullwidth av-slideshow-caption caption_center\"><div class = \"container caption_container\"><div class = \"slideshow_caption\"><div class = \"slideshow_inner_caption\"><div class = \"slideshow_align_caption\"><h2  style='font-size:40px; color:#61008e; ' class='avia-caption-title '  itemprop=\"name\" >Bensdesker werden.<\/h2><div class='avia-caption-content  av_inherit_color'  itemprop=\"description\"   style='font-size:25px; color:#61008e; '><p>JOBANGEBOTE<\/p>\n<\/div><\/div><\/div><\/div><\/div><\/div><\/div><\/div>\n<\/div><\/div><\/div><!-- close content main div --><\/div><\/div><div id='newsletter' class='avia-section main_color avia-section-huge avia-no-border-styling avia-bg-style-scroll   container_wrap sidebar_right' style = 'background-image: '  ><div class='container' ><div class='template-page content  av-content-small alpha units'><div class='post-entry post-entry-type-page post-entry-3225'><div class='entry-content-wrapper clearfix'>\n<div style='padding-bottom:0px; color:#000000;font-size:40px;' class='av-special-heading av-special-heading-h1 custom-color-heading blockquote classic-quote  av-inherit-size '><h1 class='av-special-heading-tag '  itemprop=\"headline\"  ><span class='special_amp'>\u201e<\/span>Wer zu uns kommt, dem stehen viele T\u00fcren im Servicebereich offen.<span class='special_amp'>\u201c<\/span><\/h1><div class ='av-subheading av-subheading_below av_custom_color ' style='font-size:10px;'><p>Daniel W. Empfangsmitarbeiter BENSDESK GmbH<\/p>\n<\/div><div class='special-heading-border'><div class='special-heading-inner-border' style='border-color:#000000'><\/div><\/div><\/div>\n<\/div><\/div><\/div><!-- close content main div --><\/div><\/div><div id='after_section_1' class='main_color av_default_container_wrap container_wrap sidebar_right'   ><div class='container' ><div class='template-page content  av-content-small alpha units'><div class='post-entry post-entry-type-page post-entry-3225'><div class='entry-content-wrapper clearfix'>\n<\/div><\/div><\/div><!-- close content main div --><\/div><\/div><div id='best-rated' class='av-layout-grid-container entry-content-wrapper main_color av-flex-cells    container_wrap sidebar_right'   >\n<div class=\"flex_cell no_margin av_one_half   \" style='background: #f8f8f8; vertical-align:middle; padding:150px 150px 150px 150px ; background-color:#f8f8f8; '><div class='flex_cell_inner' ><div class=\"flex_column av_one_full  av-animated-generic left-to-right  no_margin flex_column_div av-zero-column-padding first  \" style='margin-top:0px; margin-bottom:0px; border-radius:0px; '><p><div style='padding-bottom:20px; color:#000000;font-size:40px;' class='av-special-heading av-special-heading-h1 custom-color-heading blockquote modern-quote  av-inherit-size '><h1 class='av-special-heading-tag '  itemprop=\"headline\"  >Bei uns haben Servicest\u00e4rke und Ehrgeiz eine gute Zukunft.<\/h1><div class='special-heading-border'><div class='special-heading-inner-border' style='border-color:#000000'><\/div><\/div><\/div><br \/>\n<div style=' margin-top:30px; margin-bottom:30px;'  class='hr hr-custom hr-left hr-icon-no  '><span class='hr-inner   inner-border-av-border-fat' style=' width:50px; border-color:#000000;' ><span class='hr-inner-style'><\/span><\/span><\/div><br \/>\n<section class=\"av_textblock_section \"  itemscope=\"itemscope\" itemtype=\"https:\/\/schema.org\/CreativeWork\" ><div class='avia_textblock  '   itemprop=\"text\" ><p>Mitarbeiter bei einem Personaldienstleister werden? Ja, ganz genau. Wir k\u00f6nnen nicht f\u00fcr andere Arbeitgeber sprechen: Doch bei Bensdesk warten auf engagierte Fachkr\u00e4fte aus der Hotelbranche oder dem kaufm\u00e4nnischen Bereich gut bezahlte Jobs mit ausgezeichnete Sozialleistungen. Urlaubsgeld und Fahrkostenerstattung geh\u00f6ren mit dazu. Ein angenehmes Betriebsklima ist ebenfalls inklusive. Wer flexibel ist, gerne auch selbstorganisiert arbeitet und Leidenschaft f\u00fcr Service besitzt, ist bei uns richtig. Wollen wir uns kennenlernen? Dann melden Sie sich bitte. Als Bewerbung auf eine konkrete Jobofferte oder auch initiativ.<span class=\"Apple-converted-space\">\u00a0<\/span><\/p>\n<\/div><\/section><br \/>\n<div style='height:20px' class='hr hr-invisible  '><span class='hr-inner ' ><span class='hr-inner-style'><\/span><\/span><\/div><br \/>\n<span class=\"av_font_icon avia_animate_when_visible  av-icon-style-  avia-icon-pos-left \" style=\"color:#e2bc12; border-color:#e2bc12;\"><span class='av-icon-char' style='font-size:40px;line-height:40px;' aria-hidden='true' data-av_icon='\ue808' data-av_iconfont='entypo-fontello' ><\/span><\/span><br \/>\n<span class=\"av_font_icon avia_animate_when_visible  av-icon-style-  avia-icon-pos-left \" style=\"color:#e2bc12; border-color:#e2bc12;\"><span class='av-icon-char' style='font-size:40px;line-height:40px;' aria-hidden='true' data-av_icon='\ue808' data-av_iconfont='entypo-fontello' ><\/span><\/span><br \/>\n<span class=\"av_font_icon avia_animate_when_visible  av-icon-style-  avia-icon-pos-left \" style=\"color:#e2bc12; border-color:#e2bc12;\"><span class='av-icon-char' style='font-size:40px;line-height:40px;' aria-hidden='true' data-av_icon='\ue808' data-av_iconfont='entypo-fontello' ><\/span><\/span><br \/>\n<span class=\"av_font_icon avia_animate_when_visible  av-icon-style-  avia-icon-pos-left \" style=\"color:#e2bc12; border-color:#e2bc12;\"><span class='av-icon-char' style='font-size:40px;line-height:40px;' aria-hidden='true' data-av_icon='\ue808' data-av_iconfont='entypo-fontello' ><\/span><\/span><br \/>\n<span class=\"av_font_icon avia_animate_when_visible  av-icon-style-  avia-icon-pos-left \" style=\"color:#e2bc12; border-color:#e2bc12;\"><span class='av-icon-char' style='font-size:40px;line-height:40px;' aria-hidden='true' data-av_icon='\ue808' data-av_iconfont='entypo-fontello' ><\/span><\/span><br \/>\n<div style='height:42px' class='hr hr-invisible  '><span class='hr-inner ' ><span class='hr-inner-style'><\/span><\/span><\/div><\/p><\/div>\n<\/div><\/div><div class=\"flex_cell no_margin av_one_half   av-hide-on-mobile  \" style='background:url(https:\/\/bensdesk.de\/word\/wp-content\/uploads\/2019\/07\/bewerbung2.jpg) bottom left no-repeat scroll #f8f8f8; vertical-align:middle; padding:500px 0px 500px 0px ; background-color:#f8f8f8; '><div class='flex_cell_inner' ><\/div><\/div>\n<\/div>\n<\/div><\/div><\/div><!-- close content main div --><\/div><\/div><div id='support' class='avia-section main_color avia-section-no-padding avia-no-border-styling avia-bg-style-scroll   container_wrap sidebar_right' style = 'background-color: #ffffff; background-image: '  ><div class='container' ><div class='template-page content  av-content-small alpha units'><div class='post-entry post-entry-type-page post-entry-3225'><div class='entry-content-wrapper clearfix'>\n<section class=\"av_textblock_section \"  itemscope=\"itemscope\" itemtype=\"https:\/\/schema.org\/CreativeWork\" ><div class='avia_textblock  '   itemprop=\"text\" ><\/div><\/section>\n<div style='padding-bottom:20px; color:#000000;font-size:40px;' class='av-special-heading av-special-heading-h1 custom-color-heading blockquote modern-quote modern-centered  av-inherit-size '><h1 class='av-special-heading-tag '  itemprop=\"headline\"  >Jobangebote<\/h1><div class ='av-subheading av-subheading_below av_custom_color ' style='font-size:15px;'><p>https:\/\/www.hotelcareer.de\/jobs\/bensdesk-hospitality-services-61080<\/p>\n<\/div><div class='special-heading-border'><div class='special-heading-inner-border' style='border-color:#000000'><\/div><\/div><\/div>\n<div class=\"togglecontainer   toggle_close_all \" >\n<section class=\"av_toggle_section\"  itemscope=\"itemscope\" itemtype=\"https:\/\/schema.org\/CreativeWork\"  >    <div class=\"single_toggle\" data-tags=\"{Alle} \"  >        <p data-fake-id=\"#toggle-id-1\" class=\"toggler  av-inherit-font-color \"  itemprop=\"headline\"  style='color: #000000; '>Night Auditor (m\/w\/d) in Teil- Vollzeit f\u00fcr die Standorte D\u00fcsseldorf, Berlin, Frankfurt und Bremen<span class=\"toggle_icon\" style='border-color:#000000;'>        <span class=\"vert_icon\"><\/span><span class=\"hor_icon\"><\/span><\/span><\/p>        <div id=\"toggle-id-1-container\" class=\"toggle_wrap \"  >            <div class=\"toggle_content invers-color  av-inherit-font-color \"  itemprop=\"text\"  style='color: #000000; ' ><div class=\"art-postmetadataheader\">\n<h2 class=\"art-postheader\"><strong style=\"font-size: 16px;\">F\u00fcr die Standorte D\u00fcsseldorf, K\u00f6ln &amp; Frankfurt:<\/strong><\/h2>\n<\/div>\n<div class=\"art-postcontent clearfix\">\n<div class=\"art-article\">\n<p><strong>Night Auditor (m\/w)<\/strong><\/p>\n<p>Wir suchen ab sofort bzw. zum n\u00e4chstm\u00f6glichen Zeitpunkt &#8211; f\u00fcr die gehobene Hotellerie &#8211; zuverl\u00e4ssige und motivierte Nachtrezeptionisten (m\/w) in Vollzeit und Teilzeit.<\/p>\n<p><strong>Ihre Aufgaben:<\/strong><\/p>\n<p>&#8211; Check-in und Check-out<br \/>\n&#8211; G\u00e4stebetreuung<br \/>\n&#8211; Tagesabschluss<br \/>\n&#8211; Kassenabrechnung<br \/>\n&#8211; Weitere administrative T\u00e4tigkeiten<\/p>\n<p><strong>Wir bieten:<\/strong><\/p>\n<p>&#8211; Hohe zeitliche Flexibilit\u00e4t (Einsatzplanung auch nach Absprache m\u00f6glich)<br \/>\n&#8211; Kompetente Einarbeitung durch erfahrenes Personal<br \/>\n&#8211; \u00dcbertarifliche Verg\u00fctung<br \/>\n-Bei entsprechendem Engagement und Qualifikation er\u00f6ffnen wir Ihnen vielf\u00e4ltige Perspektiven\u00a0\u00a0 f\u00fcr Ihre berufliche Zukunft.<br \/>\nAu\u00dferdem gew\u00e4hren wir Ihnen, zus\u00e4tzlich zu Ihren prozentualen Nacht- und Feiertagszuschl\u00e4gen, auch Fahrkostenzusch\u00fcsse.<\/p>\n<p><strong>Voraussetzungen:<\/strong><\/p>\n<p>&#8211; Abgeschlossene Berufsausbildung im Hotelfach oder langj\u00e4hrige Erfahrung in einer\u00a0 \u00e4hnlichen T\u00e4tigkeit.<br \/>\n&#8211; Deutsch und Englischkenntnisse<br \/>\n&#8211; Gepflegtes Erscheinungsbild und vorbildliche Umgangsformen<br \/>\n&#8211; Serviceorientierung und Zuverl\u00e4ssigkeit<br \/>\n&#8211; Bereitschaft zu Sonn- und Feiertagsarbeit<br \/>\n&#8211; Gute MS-Office Kenntnisse<br \/>\n&#8211; Opera oder Fidelio Kenntnisse sind von Vorteil<\/p>\n<h2>Kontakt<\/h2>\n<p>Haben wir Ihr Interesse geweckt?<\/p>\n<p><strong>Dann freuen wir uns auf Ihre aussagekr\u00e4ftigen Bewerbungsunterlagen vorzugsweise per Email.<\/strong><\/p>\n<p><strong>BENSDESK GmbH<\/strong><br \/>\nGrafenberger Allee 277-287<br \/>\n40237\u00a0 D\u00fcsseldorf<\/p>\n<div id=\"contact_fields\" class=\"job_section\"><span class=\"contact_name\">Frau\u00a0Stefanie Breuer <\/span><br \/>\n<span class=\"contact_position\">Teamassistenz NRW<\/span><br \/>\n0211 913 813 33<br \/>\nPersonal@bensdesk.de<\/div>\n<\/div>\n<\/div>\n            <\/div>        <\/div>    <\/div><\/section>\n<section class=\"av_toggle_section\"  itemscope=\"itemscope\" itemtype=\"https:\/\/schema.org\/CreativeWork\"  >    <div class=\"single_toggle\" data-tags=\"{Alle} \"  >        <p data-fake-id=\"#toggle-id-2\" class=\"toggler  av-inherit-font-color \"  itemprop=\"headline\"  style='color: #000000; '>Empfangsmitarbeiter (m\/w\/d) in Teil- Vollzeit f\u00fcr die Standorte K\u00f6ln, D\u00fcsseldorf und M\u00fcnchen<span class=\"toggle_icon\" style='border-color:#000000;'>        <span class=\"vert_icon\"><\/span><span class=\"hor_icon\"><\/span><\/span><\/p>        <div id=\"toggle-id-2-container\" class=\"toggle_wrap \"  >            <div class=\"toggle_content invers-color  av-inherit-font-color \"  itemprop=\"text\"  style='color: #000000; ' ><div class=\"art-postmetadataheader\"><\/div>\n<div class=\"art-postcontent clearfix\">\n<div class=\"art-article\">\n<div id=\"introduction\">\n<h2>Einleitung<\/h2>\n<p>Werden Sie Teil unseres Teams in der\u00a0<strong>BENSDESK Hospitality Services<\/strong>, die als erfolgreich expandierendes Unternehmen den professionellen Concierge- und Empfangsservice in namhaften Hotels, luxuri\u00f6sen Einkaufszentren und B\u00fcrogeb\u00e4uden renommierter Firmen \u00fcbernimmt.<\/p>\n<p>Sie sind Gastgeber aus Leidenschaft?<\/p>\n<p>Ab dem 01.09.2019 bzw. nach Vereinbarung suchen wir f\u00fcr den anspruchsvollen Kundenempfang eines exklusiven Gro\u00dfkunden motiviertes, aufgeschlossenes und verantwortungsvolles Empfangsmitarbeiter\u00a0in\u00a0<strong>Vollzeit<\/strong><strong>.<\/strong><\/p>\n<\/div>\n<div id=\"profile\">\n<h2>Ihr Profil<\/h2>\n<ul>\n<li>Freude am Umgang mit Menschen und Gastgebermentalit\u00e4t<\/li>\n<li>Verantwortungsbewusstsein, P\u00fcnktlichkeit, Zuverl\u00e4ssigkeit und Diskretion<\/li>\n<li>Ausgepr\u00e4gter Teamgeist<\/li>\n<li>Gute Deutsch- und Englischkenntnisse sowie eine weitere Sprache<\/li>\n<li>Gute Computer- und MS-Office-Kenntnisse<\/li>\n<li>Ein gepflegtes Erscheinungsbild<\/li>\n<li>Berufserfahrungen im Servicedienstleistungsbereich<\/li>\n<\/ul>\n<\/div>\n<div id=\"tasks\">\n<h2>Ihre Aufgaben<\/h2>\n<ul>\n<li>Eigenst\u00e4ndiges Leiten, Organisieren und Abwickeln des Empfangs und Begr\u00fc\u00dfung der G\u00e4ste<\/li>\n<li>Betreuung der Telefonzentrale<\/li>\n<li>Bearbeiten von Tagespost und Kuriersendungen<\/li>\n<li>Bestellung von Verbrauchs- und B\u00fcromaterialien<\/li>\n<li>Koordination von Meetingr\u00e4umen und Organisation von Catering bzw. Bewirtung<\/li>\n<li>Verwaltung der Serviceleistungen<\/li>\n<li>Unterst\u00fctzung der Buchhaltung und von Marketing- und PR-Aktionen<\/li>\n<li>Administrative T\u00e4tigkeiten und Berichtwesen<\/li>\n<li>Erf\u00fcllung der Servicestandards<\/li>\n<\/ul>\n<\/div>\n<div id=\"benefits\">\n<h2>Wir bieten<\/h2>\n<ul>\n<li>Ein freundliches und respektvolles Miteinander in einem Unternehmen mit flachen Hierarchien und einer gesunden Feedbackkultur<\/li>\n<li>Verm\u00f6genswirksame Leistungen, Fahrtkostenzuschuss, betriebliche Altersvorsorge, Weihnachts- und Urlaubsgeld<\/li>\n<li>Eine langfristige Zusammenarbeit<\/li>\n<li>Geregelte Arbeitszeiten\u00a0in\u00a0einem festen Objekt<\/li>\n<li>Arbeiten in einem Umfeld junger und engagierter Teamkollegen<\/li>\n<li>Kompetente Einarbeitung durch erfahrenes Personal<\/li>\n<li>Fachliche und pers\u00f6nliche Weiterbildung<\/li>\n<li>Selbstst\u00e4ndiges Arbeiten in einem abwechslungsreichen Arbeitsumfeld, in dem Sie Ihre eigenen St\u00e4rken einbringen und Ihre Kompetenzen entfalten k\u00f6nnen<\/li>\n<li>Betreuung eines namhaften Kunden<\/li>\n<li>Aufstiegsm\u00f6glichkeiten in einem stets wachsenden Unternehmen<\/li>\n<li>Hochwertige Dienstkleidung<\/li>\n<li>Option auf Firmendienstwagen (auch zur privaten Nutzung) smart\u00a0EQ<\/li>\n<\/ul>\n<\/div>\n<div id=\"contact_container\">\n<h2>Kontakt<\/h2>\n<p>Haben wir Ihr Interesse geweckt?<\/p>\n<p><strong>Dann freuen wir uns auf Ihre aussagekr\u00e4ftigen Bewerbungsunterlagen vorzugsweise per Email.<\/strong><\/p>\n<p><strong>BENSDESK GmbH<\/strong><br \/>\nGrafenberger Allee 277-287<br \/>\n40237\u00a0 D\u00fcsseldorf<\/p>\n<div id=\"contact_fields\" class=\"job_section\"><span class=\"contact_name\">Frau\u00a0Stefanie Breuer <\/span><br \/>\n<span class=\"contact_position\">Teamassistenz NRW<\/span><br \/>\n0211 913 813 33<br \/>\nPersonal@bensdesk.de<\/div>\n<\/div>\n<\/div>\n<\/div>\n            <\/div>        <\/div>    <\/div><\/section>\n<\/div>\n<div class=\"flex_column av_one_full  no_margin flex_column_div av-zero-column-padding first  \" style='border-radius:0px; '><section class=\"av_textblock_section \"  itemscope=\"itemscope\" itemtype=\"https:\/\/schema.org\/CreativeWork\" ><div class='avia_textblock  av_inherit_color '  style='color:#000000; '  itemprop=\"text\" ><p style=\"text-align: center;\"><b>Kurz vorgestellt<\/b><\/p>\n<p style=\"text-align: center;\">Jobangebot gefunden? Oder nichts Passendes dabei? Dann bewerben Sie sich bei uns doch initiativ.<br \/>\nIdealerweise Lebenslauf und Ihre beruflichen Einsatzw\u00fcnsche gleich beigef\u00fcgt.<span class=\"Apple-converted-space\">\u00a0<\/span><\/p>\n<\/div><\/section><br \/>\n<div class='avia-button-wrap avia-button-center '><a href='http:\/\/bensdesk.de\/word\/kontakt\/'  class='avia-button av-icon-on-hover  avia-icon_select-no avia-color-theme-color avia-size-large avia-position-center '   ><span class='avia_iconbox_title' >Kontakt<\/span><\/a><\/div><\/p><\/div><div class='avia-image-container avia_animated_image avia_animate_when_almost_visible bottom-to-top av-styling-no-styling    avia-align-center '  itemprop=\"ImageObject\" itemscope=\"itemscope\" itemtype=\"https:\/\/schema.org\/ImageObject\"  ><div class='avia-image-container-inner'><div class='avia-image-overlay-wrap'><img class='avia_image ' src='https:\/\/bensdesk.de\/word\/wp-content\/uploads\/2019\/07\/team.jpg' alt='' title='Photo of young business people in a conference room' height=\"400\"width=\"1000\"  itemprop=\"thumbnailUrl\"  \/><\/div><\/div><\/div>\n<\/div><\/div><\/div><!-- close content main div --><\/div><\/div><div id='after_section_2' class='main_color av_default_container_wrap container_wrap sidebar_right'   ><div class='container' ><div class='template-page content  av-content-small alpha units'><div class='post-entry post-entry-type-page post-entry-3225'><div class='entry-content-wrapper clearfix'>\n","protected":false},"excerpt":{"rendered":"","protected":false},"author":1,"featured_media":0,"parent":0,"menu_order":0,"comment_status":"closed","ping_status":"closed","template":"","meta":{"footnotes":""},"class_list":["post-3225","page","type-page","status-publish","hentry"],"_links":{"self":[{"href":"https:\/\/bensdesk.de\/word\/wp-json\/wp\/v2\/pages\/3225","targetHints":{"allow":["GET"]}}],"collection":[{"href":"https:\/\/bensdesk.de\/word\/wp-json\/wp\/v2\/pages"}],"about":[{"href":"https:\/\/bensdesk.de\/word\/wp-json\/wp\/v2\/types\/page"}],"author":[{"embeddable":true,"href":"https:\/\/bensdesk.de\/word\/wp-json\/wp\/v2\/users\/1"}],"replies":[{"embeddable":true,"href":"https:\/\/bensdesk.de\/word\/wp-json\/wp\/v2\/comments?post=3225"}],"version-history":[{"count":19,"href":"https:\/\/bensdesk.de\/word\/wp-json\/wp\/v2\/pages\/3225\/revisions"}],"predecessor-version":[{"id":3535,"href":"https:\/\/bensdesk.de\/word\/wp-json\/wp\/v2\/pages\/3225\/revisions\/3535"}],"wp:attachment":[{"href":"https:\/\/bensdesk.de\/word\/wp-json\/wp\/v2\/media?parent=3225"}],"curies":[{"name":"wp","href":"https:\/\/api.w.org\/{rel}","templated":true}]}}