{"id":3211,"date":"2019-06-19T10:36:08","date_gmt":"2019-06-19T08:36:08","guid":{"rendered":"http:\/\/bensdesk.de\/word\/?page_id=3211"},"modified":"2019-10-30T16:07:14","modified_gmt":"2019-10-30T15:07:14","slug":"sicherheitsservice","status":"publish","type":"page","link":"https:\/\/bensdesk.de\/word\/sicherheitsservice\/","title":{"rendered":"Sicherheitsservice"},"content":{"rendered":"<\/div><\/div><\/div><!-- close content main div --><\/div><\/div><div id='full_slider_1' class='avia-fullwidth-slider main_color avia-shadow   container_wrap sidebar_right'   ><div  data-size='featured'  data-lightbox_size='large'  data-animation='fade'  data-conditional_play=''  data-ids='3167'  data-video_counter='0'  data-autoplay='true'  data-bg_slider='false'  data-slide_height=''  data-handle='av_slideshow_full'  data-interval='5'  data-class=' '  data-css_id=''  data-scroll_down=''  data-control_layout='av-control-default'  data-custom_markup=''  data-perma_caption='aviaTBperma_caption'  data-autoplay_stopper=''  data-image_attachment=''  data-min_height='0px'  data-src=''  data-position='top left'  data-repeat='no-repeat'  data-attach='scroll'  data-stretch=''  data-default-height='28.6666666667'  class='avia-slideshow avia-slideshow-1  av-control-default av-default-height-applied avia-slideshow-featured av_slideshow_full   avia-fade-slider '  itemprop=\"ImageObject\" itemscope=\"itemscope\" itemtype=\"https:\/\/schema.org\/ImageObject\" ><ul class='avia-slideshow-inner ' style='padding-bottom: 28.6666666667%;' ><li  class=' av-single-slide slide-1 ' ><div data-rel='slideshow-1' class='avia-slide-wrap '   ><img src='https:\/\/bensdesk.de\/word\/wp-content\/uploads\/2019\/06\/stadt-1500x430.jpg' width='1500' height='430' title='Concierge service desk counter with hotel staff team working in' alt=''  itemprop=\"thumbnailUrl\"   \/><div class='av-section-color-overlay' style='opacity: 0.4; background-color: #ffffff; '><\/div><\/div><\/li><\/ul><div class = \"caption_fullwidth av-slideshow-caption caption_center\"><div class = \"container caption_container\"><div class = \"slideshow_caption\"><div class = \"slideshow_inner_caption\"><div class = \"slideshow_align_caption\"><h2  style='font-size:40px; color:#61008e; ' class='avia-caption-title '  itemprop=\"name\" >F\u00fcrs gute Gef\u00fchl.<\/h2><div class='avia-caption-content  av_inherit_color'  itemprop=\"description\"   style='font-size:25px; color:#61008e; '><p>1A Sicherheitsservice<\/p>\n<\/div><\/div><\/div><\/div><\/div><\/div><\/div><\/div>\n<\/div><\/div><\/div><!-- close content main div --><\/div><\/div><div id='newsletter' class='avia-section main_color avia-section-huge avia-no-border-styling avia-bg-style-scroll   container_wrap sidebar_right' style = 'background-image: '  ><div class='container' ><div class='template-page content  av-content-small alpha units'><div class='post-entry post-entry-type-page post-entry-3211'><div class='entry-content-wrapper clearfix'>\n<div style='padding-bottom:0px; color:#000000;font-size:40px;' class='av-special-heading av-special-heading-h1 custom-color-heading blockquote classic-quote  av-inherit-size '><h1 class='av-special-heading-tag '  itemprop=\"headline\"  ><span class='special_amp'>\u201e<\/span>F\u00fcr echte Sicherheit zu sorgen, kann gar nicht ernst genug genommen werden. <span class='special_amp'>\u201c<\/span><\/h1><div class ='av-subheading av-subheading_below av_custom_color ' style='font-size:10px;'><p>Stanislav B. Sicherheitsmitarbeiter BENSDESK GmbH<\/p>\n<\/div><div class='special-heading-border'><div class='special-heading-inner-border' style='border-color:#000000'><\/div><\/div><\/div>\n<\/div><\/div><\/div><!-- close content main div --><\/div><\/div><div id='after_section_1' class='main_color av_default_container_wrap container_wrap sidebar_right'   ><div class='container' ><div class='template-page content  av-content-small alpha units'><div class='post-entry post-entry-type-page post-entry-3211'><div class='entry-content-wrapper clearfix'>\n<\/div><\/div><\/div><!-- close content main div --><\/div><\/div><div id='best-rated' class='av-layout-grid-container entry-content-wrapper main_color av-flex-cells    container_wrap sidebar_right'   >\n<div class=\"flex_cell no_margin av_one_half   \" style='background: #f8f8f8; vertical-align:middle; padding:150px 150px 150px 150px ; background-color:#f8f8f8; '><div class='flex_cell_inner' ><div class=\"flex_column av_one_full  av-animated-generic left-to-right  no_margin flex_column_div av-zero-column-padding first  \" style='margin-top:0px; margin-bottom:0px; border-radius:0px; '><p><div style='padding-bottom:20px; color:#000000;font-size:40px;' class='av-special-heading av-special-heading-h1 custom-color-heading blockquote modern-quote   av-inherit-size '><h1 class='av-special-heading-tag '  itemprop=\"headline\"  >Der Schutz Ihres Objekt und Ihrer Werte ist bei uns in sicheren H\u00e4nden.<\/h1><div class='special-heading-border'><div class='special-heading-inner-border' style='border-color:#000000'><\/div><\/div><\/div><br \/>\n<div style=' margin-top:30px; margin-bottom:30px;'  class='hr hr-custom hr-left hr-icon-no  '><span class='hr-inner   inner-border-av-border-fat' style=' width:50px; border-color:#000000;' ><span class='hr-inner-style'><\/span><\/span><\/div><br \/>\n<section class=\"av_textblock_section \"  itemscope=\"itemscope\" itemtype=\"https:\/\/schema.org\/CreativeWork\" ><div class='avia_textblock  '   itemprop=\"text\" ><p>F\u00fcr die Sicherheit eines Objektes und damit auch f\u00fcr seiner darin befindlichen Menschen zu sorgen, ist eine h\u00f6chst verantwortungsvolle Aufgabe. Der wir uns gewissenhaft stellen. Unsere Wachleute sind gut ausgebildet, haben stets einen guten Leumund und sind \u00e4u\u00dferst zuverl\u00e4ssig. Vertrauen Sie auf unseren guten Ruf. Gute Sicherheit ist bezahlbar. Gemeinsam werden wir im Personalbereich dort eine individuelle L\u00f6sung finden, die sowohl Ihren Sicherheitsanforderungen als auch wirtschaftlichen M\u00f6glichkeiten entspricht.<span class=\"Apple-converted-space\">\u00a0<\/span><\/p>\n<\/div><\/section><br \/>\n<div style='height:20px' class='hr hr-invisible  '><span class='hr-inner ' ><span class='hr-inner-style'><\/span><\/span><\/div><br \/>\n<span class=\"av_font_icon avia_animate_when_visible  av-icon-style-  avia-icon-pos-left \" style=\"color:#e2bc12; border-color:#e2bc12;\"><span class='av-icon-char' style='font-size:40px;line-height:40px;' aria-hidden='true' data-av_icon='\ue808' data-av_iconfont='entypo-fontello' ><\/span><\/span><br \/>\n<span class=\"av_font_icon avia_animate_when_visible  av-icon-style-  avia-icon-pos-left \" style=\"color:#e2bc12; border-color:#e2bc12;\"><span class='av-icon-char' style='font-size:40px;line-height:40px;' aria-hidden='true' data-av_icon='\ue808' data-av_iconfont='entypo-fontello' ><\/span><\/span><br \/>\n<span class=\"av_font_icon avia_animate_when_visible  av-icon-style-  avia-icon-pos-left \" style=\"color:#e2bc12; border-color:#e2bc12;\"><span class='av-icon-char' style='font-size:40px;line-height:40px;' aria-hidden='true' data-av_icon='\ue808' data-av_iconfont='entypo-fontello' ><\/span><\/span><br \/>\n<span class=\"av_font_icon avia_animate_when_visible  av-icon-style-  avia-icon-pos-left \" style=\"color:#e2bc12; border-color:#e2bc12;\"><span class='av-icon-char' style='font-size:40px;line-height:40px;' aria-hidden='true' data-av_icon='\ue808' data-av_iconfont='entypo-fontello' ><\/span><\/span><br \/>\n<span class=\"av_font_icon avia_animate_when_visible  av-icon-style-  avia-icon-pos-left \" style=\"color:#e2bc12; border-color:#e2bc12;\"><span class='av-icon-char' style='font-size:40px;line-height:40px;' aria-hidden='true' data-av_icon='\ue808' data-av_iconfont='entypo-fontello' ><\/span><\/span><br \/>\n<div style='height:42px' class='hr hr-invisible  '><span class='hr-inner ' ><span class='hr-inner-style'><\/span><\/span><\/div><\/p><\/div>\n<\/div><\/div><div class=\"flex_cell no_margin av_one_half   \" style='background:url(https:\/\/bensdesk.de\/word\/wp-content\/uploads\/2019\/10\/2019-09-18-18.28.47-13aaaaa-e1604345976415.jpg) center center no-repeat scroll #f8f8f8; vertical-align:middle; padding:500px 0px 500px 0px ; background-color:#f8f8f8; '><div class='flex_cell_inner' ><\/div><\/div><\/div><\/div><\/div><\/div><!-- close content main div --><\/div><\/div><div id='support' class='avia-section main_color avia-section-no-padding avia-no-border-styling avia-bg-style-scroll   container_wrap sidebar_right' style = 'background-color: #ffffff; background-image: '  ><div class='container' ><div class='template-page content  av-content-small alpha units'><div class='post-entry post-entry-type-page post-entry-3211'><div class='entry-content-wrapper clearfix'>\n<section class=\"av_textblock_section \"  itemscope=\"itemscope\" itemtype=\"https:\/\/schema.org\/CreativeWork\" ><div class='avia_textblock  '   itemprop=\"text\" ><\/div><\/section>\n<div style='padding-bottom:20px; color:#000000;font-size:40px;' class='av-special-heading av-special-heading-h1 custom-color-heading blockquote modern-quote modern-centered   av-inherit-size '><h1 class='av-special-heading-tag '  itemprop=\"headline\"  >Damit Sie in Ruhe arbeiten k\u00f6nnen<\/h1><div class ='av-subheading av-subheading_below av_custom_color ' style='font-size:15px;'><p>Im Bereich Sicherheitsservice stellen wir f\u00fcr gewerbliche Objekte aller Art Mitarbeiter f\u00fcr alle dort typischerweise anfallenden T\u00e4tigkeiten:<\/p>\n<\/div><div class='special-heading-border'><div class='special-heading-inner-border' style='border-color:#000000'><\/div><\/div><\/div>\n<div class=\"flex_column av_one_full  no_margin flex_column_div av-zero-column-padding first  \" style='border-radius:0px; '><section class=\"av_textblock_section \"  itemscope=\"itemscope\" itemtype=\"https:\/\/schema.org\/CreativeWork\" ><div class='avia_textblock  av_inherit_color '  style='color:#000000; '  itemprop=\"text\" ><p style=\"text-align: center;\"><strong>Pf\u00f6rtner- und Telefondienst<\/strong><br \/>\n<b>Schl\u00fcsselverwaltung<br \/>\n<\/b><b>Transportlogistik<br \/>\n<\/b><b>Fahrerkarten-Verarbeitung<br \/>\n<\/b><b>Durchf\u00fchrung von Personen- und Fahrzeugkontrollen<br \/>\n<\/b><b>\u00dcberwachung des Betriebsgel\u00e4ndes durch Streifen<br \/>\n<\/b><b>\u00dcberwachung der betriebseigenen Kameras<br \/>\n<\/b><b>\u00dcberwachung technischer Einrichtungen<br \/>\n<\/b><b>Wache bei gef\u00e4hrlichen Arbeiten<br \/>\n<\/b><b>Brandwache nach einem Feuer\u00a0<\/b><\/p>\n<p style=\"text-align: center;\">Verlassen Sie sich auf uns und unsere Mitarbeiter. Wir wissen, worauf es ankommt.<span class=\"Apple-converted-space\">\u00a0<\/span><\/p>\n<\/div><\/section><\/div><div style='padding-bottom:20px; color:#000000;font-size:40px;' class='av-special-heading av-special-heading-h1 custom-color-heading blockquote modern-quote modern-centered  av-inherit-size '><h1 class='av-special-heading-tag '  itemprop=\"headline\"  >Anfrage<br \/>\n<\/h1><div class ='av-subheading av-subheading_below av_custom_color ' style='font-size:15px;'><p>Wir freuen uns, Sie pers\u00f6nlich kennenzulernen und beraten Sie gerne unverbindlich.<\/p>\n<\/div><div class='special-heading-border'><div class='special-heading-inner-border' style='border-color:#000000'><\/div><\/div><\/div>\n<div class='avia-button-wrap avia-button-center '><a href='http:\/\/bensdesk.de\/word\/kontakt\/'  class='avia-button av-icon-on-hover  avia-icon_select-no avia-color-theme-color avia-size-large avia-position-center '   ><span class='avia_iconbox_title' >Kontakt<\/span><\/a><\/div>\n<div class='avia-image-container avia_animated_image avia_animate_when_almost_visible bottom-to-top av-styling-no-styling    avia-align-center '  itemprop=\"ImageObject\" itemscope=\"itemscope\" itemtype=\"https:\/\/schema.org\/ImageObject\"  ><div class='avia-image-container-inner'><div class='avia-image-overlay-wrap'><img class='avia_image ' src='https:\/\/bensdesk.de\/word\/wp-content\/uploads\/2019\/07\/team.jpg' alt='' title='Photo of young business people in a conference room' height=\"400\"width=\"1000\"  itemprop=\"thumbnailUrl\"  \/><\/div><\/div><\/div>\n<\/div><\/div><\/div><!-- close content main div --><\/div><\/div><div id='after_section_2' class='main_color av_default_container_wrap container_wrap sidebar_right'   ><div class='container' ><div class='template-page content  av-content-small alpha units'><div class='post-entry post-entry-type-page post-entry-3211'><div class='entry-content-wrapper clearfix'><\/p>\n","protected":false},"excerpt":{"rendered":"","protected":false},"author":1,"featured_media":0,"parent":0,"menu_order":0,"comment_status":"closed","ping_status":"closed","template":"","meta":{"footnotes":""},"class_list":["post-3211","page","type-page","status-publish","hentry"],"_links":{"self":[{"href":"https:\/\/bensdesk.de\/word\/wp-json\/wp\/v2\/pages\/3211","targetHints":{"allow":["GET"]}}],"collection":[{"href":"https:\/\/bensdesk.de\/word\/wp-json\/wp\/v2\/pages"}],"about":[{"href":"https:\/\/bensdesk.de\/word\/wp-json\/wp\/v2\/types\/page"}],"author":[{"embeddable":true,"href":"https:\/\/bensdesk.de\/word\/wp-json\/wp\/v2\/users\/1"}],"replies":[{"embeddable":true,"href":"https:\/\/bensdesk.de\/word\/wp-json\/wp\/v2\/comments?post=3211"}],"version-history":[{"count":14,"href":"https:\/\/bensdesk.de\/word\/wp-json\/wp\/v2\/pages\/3211\/revisions"}],"predecessor-version":[{"id":3574,"href":"https:\/\/bensdesk.de\/word\/wp-json\/wp\/v2\/pages\/3211\/revisions\/3574"}],"wp:attachment":[{"href":"https:\/\/bensdesk.de\/word\/wp-json\/wp\/v2\/media?parent=3211"}],"curies":[{"name":"wp","href":"https:\/\/api.w.org\/{rel}","templated":true}]}}